{"id":2257,"date":"2024-10-19T14:35:49","date_gmt":"2024-10-19T14:35:49","guid":{"rendered":"https:\/\/temtexcleaners.com\/?page_id=2257"},"modified":"2024-10-19T15:40:42","modified_gmt":"2024-10-19T15:40:42","slug":"faq","status":"publish","type":"page","link":"https:\/\/temtexcleaners.com\/es\/faq\/","title":{"rendered":"Preguntas"},"content":{"rendered":"<p><\/p>\n\n\n<div id=\"rank-math-faq\" class=\"rank-math-block\">\n<div class=\"rank-math-list\">\n<div id=\"faq-question-1729348725791\" class=\"rank-math-list-item\">\n<h4 class=\"rank-math-question\"><strong>\u00bfQu\u00e9 servicios ofrece TemTex Cleaning Services?<\/strong><\/h4>\n<div class=\"rank-math-answer\">\n\n<p><strong>Proporcionamos limpieza comercial para:<\/strong><br \/><a href=\"https:\/\/temtexcleaners.com\/es\/servicios-de-limpieza-de-oficinas\/\" data-type=\"page\" data-id=\"1379\">Edificios de oficinas<\/a>, <a href=\"https:\/\/temtexcleaners.com\/es\/limpieza-funeraria-focalizada\/\" data-type=\"page\" data-id=\"1398\">funerarias<\/a>y <a href=\"https:\/\/temtexcleaners.com\/es\/limpieza-de-consultorios-medicos\/\" data-type=\"page\" data-id=\"1405\">consultorios m\u00e9dicos<\/a>.<br \/>Nuestros servicios de limpieza educativa incluyen <a href=\"https:\/\/temtexcleaners.com\/es\/servicios-de-limpieza-de-gimnasios\/\" data-type=\"page\" data-id=\"1426\">gimnasios<\/a>, <a href=\"https:\/\/temtexcleaners.com\/es\/limpieza-superior-de-colegios\/\" data-type=\"page\" data-id=\"1419\">escuelas<\/a>y <a href=\"https:\/\/temtexcleaners.com\/es\/servicios-de-limpieza-de-gimnasios\/\" data-type=\"page\" data-id=\"1426\">gimnasios<\/a>.<br \/>Tambi\u00e9n ofrecemos servicios de limpieza de inmuebles como <a href=\"https:\/\/temtexcleaners.com\/es\/limpieza-posterior-a-la-construccion\/\" data-type=\"page\" data-id=\"1434\">despu\u00e9s de la construcci\u00f3n<\/a>, <a href=\"https:\/\/temtexcleaners.com\/es\/limpieza-posterior-a-la-construccion\/\" data-type=\"page\" data-id=\"1434\">mudanza<\/a>y <a href=\"https:\/\/temtexcleaners.com\/es\/gestion-de-la-propiedad-limpieza\/\" data-type=\"page\" data-id=\"1452\">gesti\u00f3n de la propiedad limpieza<\/a>.<\/p>\n\n<\/div>\n<\/div>\n<div id=\"faq-question-1729348739115\" class=\"rank-math-list-item\">\n<h4 class=\"rank-math-question\"><strong>\u00bfProporcionan ustedes el material de limpieza o lo hago yo?<\/strong><\/h4>\n<div class=\"rank-math-answer\">\n\n<p>Llevamos todo el equipo y los suministros necesarios para nuestros servicios. No obstante, si tiene productos o preferencias espec\u00edficos, <a href=\"https:\/\/temtexcleaners.com\/es\/pongase-en-contacto-con\/\" data-type=\"page\" data-id=\"20\">H\u00e1ganoslo saber<\/a>y haremos todo lo posible por complacerles.<\/p>\n\n<\/div>\n<\/div>\n<div id=\"faq-question-1729348757355\" class=\"rank-math-list-item\">\n<h4 class=\"rank-math-question\"><strong>\u00bfSus empleados est\u00e1n asegurados y sus antecedentes han sido comprobados?<\/strong><\/h4>\n<div class=\"rank-math-answer\">\n\n<p>S\u00ed, todos nuestros empleados est\u00e1n asegurados y se someten a exhaustivas comprobaciones de antecedentes para garantizar la seguridad de las propiedades de nuestros clientes.<\/p>\n\n<\/div>\n<\/div>\n<div id=\"faq-question-1729348779809\" class=\"rank-math-list-item\">\n<h4 class=\"rank-math-question\"><strong>\u00bfD\u00f3nde ofrece sus servicios?<\/strong><\/h4>\n<div class=\"rank-math-answer\">\n\n<p>Estamos orgullosos de servir a la METROPLEX, Mesquite, Killeen, Temple, Nolanville, y Harker Heights \u00e1reas en Texas y est\u00e1n en continua expansi\u00f3n. Nuestro objetivo es proporcionar servicios de limpieza pendientes a tantas comunidades locales como sea posible.<\/p>\n\n<\/div>\n<\/div>\n<div id=\"faq-question-1729348799688\" class=\"rank-math-list-item\">\n<h4 class=\"rank-math-question\"><strong>\u00bfC\u00f3mo programo un servicio de limpieza?<\/strong><\/h4>\n<div class=\"rank-math-answer\">\n\n<p>Programar es f\u00e1cil. <a href=\"https:\/\/temtexcleaners.com\/es\/pongase-en-contacto-con\/\" data-type=\"page\" data-id=\"20\">P\u00f3ngase en contacto con nosotros<\/a> a trav\u00e9s de nuestro sitio web o por tel\u00e9fono, y trabajaremos con usted para encontrar una hora conveniente.<\/p>\n\n<\/div>\n<\/div>\n<div id=\"faq-question-1729348812734\" class=\"rank-math-list-item\">\n<h4 class=\"rank-math-question\"><strong>\u00bfTengo que estar en casa durante la limpieza?<\/strong><\/h4>\n<div class=\"rank-math-answer\">\n\n<p>No es necesaria su presencia durante nuestros servicios de limpieza. Nuestro equipo puede completar eficientemente la limpieza sin interrumpir su d\u00eda.<\/p>\n\n<\/div>\n<\/div>\n<div id=\"faq-question-1729348831693\" class=\"rank-math-list-item\">\n<h4 class=\"rank-math-question\"><strong>\u00bfTengo que estar presente durante la limpieza?<\/strong><\/h4>\n<div class=\"rank-math-answer\">\n\n<p>No es necesaria su presencia durante nuestros servicios de limpieza. Nuestro equipo puede completar eficientemente la limpieza sin interrumpir su d\u00eda.<\/p>\n\n<\/div>\n<\/div>\n<\/div>\n<\/div>","protected":false},"excerpt":{"rendered":"","protected":false},"author":3,"featured_media":0,"parent":0,"menu_order":0,"comment_status":"closed","ping_status":"closed","template":"","meta":{"_uag_custom_page_level_css":"","site-sidebar-layout":"default","site-content-layout":"","ast-site-content-layout":"default","site-content-style":"default","site-sidebar-style":"default","ast-global-header-display":"","ast-banner-title-visibility":"","ast-main-header-display":"","ast-hfb-above-header-display":"","ast-hfb-below-header-display":"","ast-hfb-mobile-header-display":"","site-post-title":"disabled","ast-breadcrumbs-content":"","ast-featured-img":"","footer-sml-layout":"","ast-disable-related-posts":"","theme-transparent-header-meta":"","adv-header-id-meta":"","stick-header-meta":"","header-above-stick-meta":"","header-main-stick-meta":"","header-below-stick-meta":"","astra-migrate-meta-layouts":"set","ast-page-background-enabled":"default","ast-page-background-meta":{"desktop":{"background-color":"var(--ast-global-color-4)","background-image":"","background-repeat":"repeat","background-position":"center center","background-size":"auto","background-attachment":"scroll","background-type":"","background-media":"","overlay-type":"","overlay-color":"","overlay-opacity":"","overlay-gradient":""},"tablet":{"background-color":"","background-image":"","background-repeat":"repeat","background-position":"center center","background-size":"auto","background-attachment":"scroll","background-type":"","background-media":"","overlay-type":"","overlay-color":"","overlay-opacity":"","overlay-gradient":""},"mobile":{"background-color":"","background-image":"","background-repeat":"repeat","background-position":"center center","background-size":"auto","background-attachment":"scroll","background-type":"","background-media":"","overlay-type":"","overlay-color":"","overlay-opacity":"","overlay-gradient":""}},"ast-content-background-meta":{"desktop":{"background-color":"var(--ast-global-color-5)","background-image":"","background-repeat":"repeat","background-position":"center center","background-size":"auto","background-attachment":"scroll","background-type":"","background-media":"","overlay-type":"","overlay-color":"","overlay-opacity":"","overlay-gradient":""},"tablet":{"background-color":"var(--ast-global-color-5)","background-image":"","background-repeat":"repeat","background-position":"center center","background-size":"auto","background-attachment":"scroll","background-type":"","background-media":"","overlay-type":"","overlay-color":"","overlay-opacity":"","overlay-gradient":""},"mobile":{"background-color":"var(--ast-global-color-5)","background-image":"","background-repeat":"repeat","background-position":"center center","background-size":"auto","background-attachment":"scroll","background-type":"","background-media":"","overlay-type":"","overlay-color":"","overlay-opacity":"","overlay-gradient":""}},"footnotes":""},"class_list":["post-2257","page","type-page","status-publish","hentry"],"uagb_featured_image_src":{"full":false,"thumbnail":false,"medium":false,"medium_large":false,"large":false,"1536x1536":false,"2048x2048":false,"trp-custom-language-flag":false},"uagb_author_info":{"display_name":"TemTexCleaners","author_link":"https:\/\/temtexcleaners.com\/es\/author\/j6v6a9o5uogz\/"},"uagb_comment_info":0,"uagb_excerpt":null,"_links":{"self":[{"href":"https:\/\/temtexcleaners.com\/es\/wp-json\/wp\/v2\/pages\/2257","targetHints":{"allow":["GET"]}}],"collection":[{"href":"https:\/\/temtexcleaners.com\/es\/wp-json\/wp\/v2\/pages"}],"about":[{"href":"https:\/\/temtexcleaners.com\/es\/wp-json\/wp\/v2\/types\/page"}],"author":[{"embeddable":true,"href":"https:\/\/temtexcleaners.com\/es\/wp-json\/wp\/v2\/users\/3"}],"replies":[{"embeddable":true,"href":"https:\/\/temtexcleaners.com\/es\/wp-json\/wp\/v2\/comments?post=2257"}],"version-history":[{"count":0,"href":"https:\/\/temtexcleaners.com\/es\/wp-json\/wp\/v2\/pages\/2257\/revisions"}],"wp:attachment":[{"href":"https:\/\/temtexcleaners.com\/es\/wp-json\/wp\/v2\/media?parent=2257"}],"curies":[{"name":"wp","href":"https:\/\/api.w.org\/{rel}","templated":true}]}}