{"id":1656,"date":"2024-06-15T19:17:47","date_gmt":"2024-06-15T19:17:47","guid":{"rendered":"https:\/\/temtexcleaners.com\/?page_id=1656"},"modified":"2024-10-05T19:36:25","modified_gmt":"2024-10-05T19:36:25","slug":"acerca-de","status":"publish","type":"page","link":"https:\/\/temtexcleaners.com\/es\/acerca-de\/","title":{"rendered":"Acerca de"},"content":{"rendered":"<div class=\"wp-block-uagb-container uagb-block-4c3875af alignwide uagb-is-root-container\">\n<div class=\"wp-block-uagb-advanced-heading uagb-block-49d53d4d\"><h2 class=\"uagb-heading-text\"><strong>\"\u00bfSu lugar de trabajo sufre por la suciedad y la falta de higiene?\"<\/strong><\/h2><\/div>\n<\/div>\n\n\n\n<div class=\"wp-block-uagb-container uagb-block-9a9de482 alignwide uagb-is-root-container\">\n<div class=\"wp-block-uagb-container uagb-block-a2ba6493\">\n<h3 class=\"wp-block-heading\">\"Descubra c\u00f3mo nuestros servicios de limpieza pueden transformar su entorno.<\/h3>\n\n\n\n<p>En TemTex Cleaners, nuestro viaje comenz\u00f3 con el reconocimiento de un problema cr\u00edtico - el impacto generalizado de la limpieza inadecuada en la salud de las empresas, la productividad y la reputaci\u00f3n. Fundada por Lety Coronel, un experto en la gesti\u00f3n de instalaciones, TemTexCleaners naci\u00f3 de la necesidad de abordar estas cuestiones de frente. Nuestra piedra angular para el \u00e9xito es una combinaci\u00f3n de honestidad y eficacia, porque entendemos que los clientes a menudo se enfrentan a retos espec\u00edficos de limpieza o problemas recurrentes dentro de sus espacios. Al ser honestos sobre estos retos y ofrecer soluciones eficaces adaptadas a sus necesidades, la empresa establece confianza y demuestra su compromiso de abordar los problemas de fondo a los que se enfrentan los clientes.<\/p>\n<\/div>\n<\/div>\n\n\n\n<div class=\"wp-block-uagb-container uagb-block-edae5b83 alignfull uagb-is-root-container\"><div class=\"uagb-container-inner-blocks-wrap\">\n<div class=\"wp-block-uagb-advanced-heading uagb-block-64726181\"><h6 class=\"uagb-heading-text\">Nuestros valores<\/h6><\/div>\n\n\n\n<div class=\"wp-block-uagb-advanced-heading uagb-block-92588f0c\"><h2 class=\"uagb-heading-text\">Nuestro compromiso con la excelencia<\/h2><\/div>\n\n\n\n<div class=\"wp-block-uagb-image uagb-block-37f6c2f8 wp-block-uagb-image--layout-default wp-block-uagb-image--effect-static wp-block-uagb-image--align-none\"><figure class=\"wp-block-uagb-image__figure\"><img decoding=\"async\" data-srcset=\"https:\/\/temtexcleaners.com\/wp-content\/uploads\/2023\/12\/6195275-6195275-scaled.jpg\" data-sizes=\"auto, (max-width: 480px) 150px\" data-src=\"https:\/\/temtexcleaners.com\/wp-content\/uploads\/2023\/12\/6195275-6195275-scaled.jpg\" alt=\"EXCELENTE SERVICIO DE LIMPIEZA\" class=\"uag-image-1310 lazyload\" width=\"1200\" height=\"430\" title=\"EXCELENTE SERVICIO DE LIMPIEZA\" role=\"img\" src=\"data:image\/svg+xml;base64,PHN2ZyB3aWR0aD0iMSIgaGVpZ2h0PSIxIiB4bWxucz0iaHR0cDovL3d3dy53My5vcmcvMjAwMC9zdmciPjwvc3ZnPg==\" style=\"--smush-placeholder-width: 1200px; --smush-placeholder-aspect-ratio: 1200\/430;\" \/><\/figure><\/div>\n\n\n\n<div class=\"wp-block-uagb-container uagb-block-0f0fe2b0\">\n<div class=\"wp-block-uagb-advanced-heading uagb-block-a7766e3a\"><h3 class=\"uagb-heading-text\">Honestidad<\/h3><p class=\"uagb-desc-text\">En TemTexCleaners, creemos que la honestidad es la piedra angular de nuestro negocio porque la comunicaci\u00f3n transparente y la integridad son esenciales para abordar y resolver los verdaderos retos de limpieza a los que se enfrentan nuestros clientes. <\/p><\/div>\n\n\n\n<div class=\"wp-block-uagb-advanced-heading uagb-block-b78816fa\"><h3 class=\"uagb-heading-text\">Fiabilidad<\/h3><p class=\"uagb-desc-text\">Entendemos que la verdadera medida de nuestro servicio no est\u00e1 s\u00f3lo en la limpieza inicial, sino en nuestra capacidad constante para abordar y resolver los continuos problemas de limpieza.<\/p><\/div>\n\n\n\n<div class=\"wp-block-uagb-advanced-heading uagb-block-a5c64964\"><h3 class=\"uagb-heading-text\">Eficacia<\/h3><p class=\"uagb-desc-text\">Nuestro compromiso con la eficacia significa que cuando nos elige, no s\u00f3lo obtiene un servicio de limpieza: obtiene un socio dedicado a resolver sus problemas de limpieza m\u00e1s dif\u00edciles y a garantizar que su espacio est\u00e9 realmente impecable.<\/p><\/div>\n<\/div>\n<\/div><\/div>\n\n\n\n<div class=\"wp-block-uagb-container uagb-block-9caa1a47 alignfull uagb-is-root-container\"><div class=\"uagb-container-inner-blocks-wrap\">\n<div class=\"wp-block-uagb-advanced-heading uagb-block-1ed0e64e\"><h5 class=\"uagb-heading-text\">Limpiemos e higienicemos su espacio.<\/h5><\/div>\n\n\n\n<div class=\"wp-block-uagb-advanced-heading uagb-block-3a57683f\"><h2 class=\"uagb-heading-text\">\u00bfListo para empezar?<\/h2><\/div>\n\n\n\n<p class=\"has-text-align-center has-ast-global-color-5-color has-text-color has-link-color wp-elements-5862421938febdf954844090aa93ce37\" style=\"margin-top:var(--wp--preset--spacing--30);margin-bottom:0;font-size:37px;line-height:1.9\"><a href=\"https:\/\/temtexcleaners.com\/es\/pongase-en-contacto-con\/\" data-type=\"page\" data-id=\"20\"><strong>CONTACTO<\/strong><\/a> \u00a1Hoy!<\/p>\n<\/div><\/div>","protected":false},"excerpt":{"rendered":"<p>&#8220;Is Your Workplace Suffering from Dirty and Unhygienic Conditions?&#8221; &#8220;Discover How Our Cleaning Services Can Transform Your Environment. At TemTex Cleaners, our journey began with a recognition of a critical problem \u2013 the pervasive impact of inadequate cleaning on businesses&#8217; health, productivity, and reputation. Founded by Lety Coronel, a seasoned expert in facility management, TemTexCleaners [&hellip;]<\/p>\n","protected":false},"author":3,"featured_media":0,"parent":0,"menu_order":0,"comment_status":"closed","ping_status":"closed","template":"","meta":{"_uag_custom_page_level_css":"","site-sidebar-layout":"default","site-content-layout":"plain-container","ast-site-content-layout":"normal-width-container","site-content-style":"unboxed","site-sidebar-style":"unboxed","ast-global-header-display":"","ast-banner-title-visibility":"disabled","ast-main-header-display":"","ast-hfb-above-header-display":"","ast-hfb-below-header-display":"","ast-hfb-mobile-header-display":"","site-post-title":"","ast-breadcrumbs-content":"","ast-featured-img":"","footer-sml-layout":"","ast-disable-related-posts":"","theme-transparent-header-meta":"","adv-header-id-meta":"","stick-header-meta":"","header-above-stick-meta":"","header-main-stick-meta":"","header-below-stick-meta":"","astra-migrate-meta-layouts":"set","ast-page-background-enabled":"default","ast-page-background-meta":{"desktop":{"background-color":"var(--ast-global-color-4)","background-image":"","background-repeat":"repeat","background-position":"center center","background-size":"auto","background-attachment":"scroll","background-type":"","background-media":"","overlay-type":"","overlay-color":"","overlay-opacity":"","overlay-gradient":""},"tablet":{"background-color":"","background-image":"","background-repeat":"repeat","background-position":"center center","background-size":"auto","background-attachment":"scroll","background-type":"","background-media":"","overlay-type":"","overlay-color":"","overlay-opacity":"","overlay-gradient":""},"mobile":{"background-color":"","background-image":"","background-repeat":"repeat","background-position":"center center","background-size":"auto","background-attachment":"scroll","background-type":"","background-media":"","overlay-type":"","overlay-color":"","overlay-opacity":"","overlay-gradient":""}},"ast-content-background-meta":{"desktop":{"background-color":"var(--ast-global-color-5)","background-image":"","background-repeat":"repeat","background-position":"center center","background-size":"auto","background-attachment":"scroll","background-type":"","background-media":"","overlay-type":"","overlay-color":"","overlay-opacity":"","overlay-gradient":""},"tablet":{"background-color":"var(--ast-global-color-5)","background-image":"","background-repeat":"repeat","background-position":"center center","background-size":"auto","background-attachment":"scroll","background-type":"","background-media":"","overlay-type":"","overlay-color":"","overlay-opacity":"","overlay-gradient":""},"mobile":{"background-color":"var(--ast-global-color-5)","background-image":"","background-repeat":"repeat","background-position":"center center","background-size":"auto","background-attachment":"scroll","background-type":"","background-media":"","overlay-type":"","overlay-color":"","overlay-opacity":"","overlay-gradient":""}},"footnotes":""},"class_list":["post-1656","page","type-page","status-publish","hentry"],"uagb_featured_image_src":{"full":false,"thumbnail":false,"medium":false,"medium_large":false,"large":false,"1536x1536":false,"2048x2048":false,"trp-custom-language-flag":false},"uagb_author_info":{"display_name":"TemTexCleaners","author_link":"https:\/\/temtexcleaners.com\/es\/author\/j6v6a9o5uogz\/"},"uagb_comment_info":0,"uagb_excerpt":"&#8220;Is Your Workplace Suffering from Dirty and Unhygienic Conditions?&#8221; &#8220;Discover How Our Cleaning Services Can Transform Your Environment. At TemTex Cleaners, our journey began with a recognition of a critical problem \u2013 the pervasive impact of inadequate cleaning on businesses&#8217; health, productivity, and reputation. Founded by Lety Coronel, a seasoned expert in facility management, TemTexCleaners&hellip;","_links":{"self":[{"href":"https:\/\/temtexcleaners.com\/es\/wp-json\/wp\/v2\/pages\/1656","targetHints":{"allow":["GET"]}}],"collection":[{"href":"https:\/\/temtexcleaners.com\/es\/wp-json\/wp\/v2\/pages"}],"about":[{"href":"https:\/\/temtexcleaners.com\/es\/wp-json\/wp\/v2\/types\/page"}],"author":[{"embeddable":true,"href":"https:\/\/temtexcleaners.com\/es\/wp-json\/wp\/v2\/users\/3"}],"replies":[{"embeddable":true,"href":"https:\/\/temtexcleaners.com\/es\/wp-json\/wp\/v2\/comments?post=1656"}],"version-history":[{"count":0,"href":"https:\/\/temtexcleaners.com\/es\/wp-json\/wp\/v2\/pages\/1656\/revisions"}],"wp:attachment":[{"href":"https:\/\/temtexcleaners.com\/es\/wp-json\/wp\/v2\/media?parent=1656"}],"curies":[{"name":"wp","href":"https:\/\/api.w.org\/{rel}","templated":true}]}}