{"id":1459,"date":"2024-01-20T04:29:27","date_gmt":"2024-01-20T04:29:27","guid":{"rendered":"https:\/\/temtexcleaners.com\/?page_id=1459"},"modified":"2024-08-18T15:17:23","modified_gmt":"2024-08-18T15:17:23","slug":"lugares-de-culto","status":"publish","type":"page","link":"https:\/\/temtexcleaners.com\/es\/lugares-de-culto\/","title":{"rendered":"Lugares de culto pr\u00edstinos"},"content":{"rendered":"<div class=\"wp-block-uagb-container uagb-block-4c3875af alignwide uagb-is-root-container\">\n<div class=\"wp-block-uagb-advanced-heading uagb-block-36237826\"><h1 class=\"uagb-heading-text\">Lugares de culto<\/h1><\/div>\n<\/div>\n\n\n\n<div class=\"wp-block-uagb-container uagb-block-57ebc9b6 alignfull uagb-is-root-container\"><div class=\"uagb-container-inner-blocks-wrap\">\n<div class=\"wp-block-uagb-advanced-heading uagb-block-569cbed0\"><h6 class=\"uagb-heading-text\">10.<\/h6><\/div>\n\n\n\n<div class=\"wp-block-uagb-advanced-heading uagb-block-465fb945\"><h3 class=\"uagb-heading-text\">Limpieza de iglesias Carefree<\/h3><\/div>\n<\/div><\/div>\n\n\n\n<div class=\"wp-block-uagb-container uagb-block-e7fbe3aa alignfull uagb-is-root-container\"><div class=\"uagb-container-inner-blocks-wrap\">\n<div class=\"wp-block-uagb-container uagb-block-1d616714\">\n<p>Sin servicios profesionales de limpieza, los lugares de culto se enfrentan a menudo a problemas que comprometen la santidad y el atractivo de sus espacios sagrados. Desde bancos polvorientos y suelos mugrientos hasta altares descuidados y antiest\u00e9ticas manchas en objetos religiosos, la acumulaci\u00f3n de suciedad, residuos y al\u00e9rgenos no solo resta belleza visual a la iglesia, sino que tambi\u00e9n supone un riesgo para la salud de los fieles.<br><br>Adem\u00e1s, una limpieza inadecuada puede provocar olores desagradables, infestaciones de plagas y da\u00f1os irreparables en elementos arquitect\u00f3nicos delicados. Sin la experiencia y el equipo especializado de los limpiadores profesionales, las iglesias pueden tener dificultades para mantener los niveles de limpieza y reverencia necesarios para fomentar un entorno acogedor propicio para el culto y las reuniones de la comunidad.<\/p>\n<\/div>\n\n\n\n<div class=\"wp-block-uagb-container uagb-block-1f235610\">\n<div class=\"wp-block-uagb-image alignleft uagb-block-2abcf112 wp-block-uagb-image--layout-default wp-block-uagb-image--effect-static wp-block-uagb-image--align-left\"><figure class=\"wp-block-uagb-image__figure\"><img decoding=\"async\" data-srcset=\"https:\/\/temtexcleaners.com\/wp-content\/uploads\/2024\/01\/6adee0fa-1119-4d30-9083-f9343cebdf1a.jpg ,https:\/\/temtexcleaners.com\/wp-content\/uploads\/2024\/01\/6adee0fa-1119-4d30-9083-f9343cebdf1a.jpg 780w, https:\/\/temtexcleaners.com\/wp-content\/uploads\/2024\/01\/6adee0fa-1119-4d30-9083-f9343cebdf1a.jpg 360w\" data-sizes=\"auto, (max-width: 480px) 150px\" data-src=\"https:\/\/temtexcleaners.com\/wp-content\/uploads\/2024\/01\/6adee0fa-1119-4d30-9083-f9343cebdf1a.jpg\" alt=\"lugares de culto\" class=\"uag-image-1462 lazyload\" width=\"400\" height=\"350\" title=\"Limpieza de iglesias Carefree\" role=\"img\" src=\"data:image\/svg+xml;base64,PHN2ZyB3aWR0aD0iMSIgaGVpZ2h0PSIxIiB4bWxucz0iaHR0cDovL3d3dy53My5vcmcvMjAwMC9zdmciPjwvc3ZnPg==\" style=\"--smush-placeholder-width: 400px; --smush-placeholder-aspect-ratio: 400\/350;\" \/><\/figure><\/div>\n<\/div>\n<\/div><\/div>\n\n\n\n<div class=\"wp-block-uagb-container uagb-block-9caa1a47 alignfull uagb-is-root-container\"><div class=\"uagb-container-inner-blocks-wrap\">\n<div class=\"wp-block-uagb-advanced-heading uagb-block-1ed0e64e\"><h5 class=\"uagb-heading-text\">Limpiemos e higienicemos su espacio.<\/h5><\/div>\n\n\n\n<div class=\"wp-block-uagb-advanced-heading uagb-block-3a57683f\"><h2 class=\"uagb-heading-text\">\u00bfListo para empezar?<\/h2><\/div>\n\n\n\n<p class=\"has-text-align-center has-ast-global-color-5-color has-text-color has-link-color wp-elements-5862421938febdf954844090aa93ce37\" style=\"margin-top:var(--wp--preset--spacing--30);margin-bottom:0;font-size:37px;line-height:1.9\"><a href=\"https:\/\/temtexcleaners.com\/es\/pongase-en-contacto-con\/\" data-type=\"page\" data-id=\"20\"><strong>CONTACTO<\/strong><\/a> \u00a1Hoy!<\/p>\n<\/div><\/div>","protected":false},"excerpt":{"rendered":"<p>Places of Worship 10. Carefree Church Cleaning Without professional cleaning services, places of worship often face challenges that compromise the sanctity and appeal of their sacred spaces. From dusty pews and grimy floors to neglected altars and unsightly stains on religious artifacts, the accumulation of dirt, debris, and allergens not only detracts from the visual [&hellip;]<\/p>\n","protected":false},"author":3,"featured_media":0,"parent":0,"menu_order":0,"comment_status":"closed","ping_status":"closed","template":"","meta":{"_uag_custom_page_level_css":"","site-sidebar-layout":"default","site-content-layout":"plain-container","ast-site-content-layout":"normal-width-container","site-content-style":"unboxed","site-sidebar-style":"unboxed","ast-global-header-display":"","ast-banner-title-visibility":"disabled","ast-main-header-display":"","ast-hfb-above-header-display":"","ast-hfb-below-header-display":"","ast-hfb-mobile-header-display":"","site-post-title":"disabled","ast-breadcrumbs-content":"","ast-featured-img":"","footer-sml-layout":"","ast-disable-related-posts":"","theme-transparent-header-meta":"","adv-header-id-meta":"","stick-header-meta":"","header-above-stick-meta":"","header-main-stick-meta":"","header-below-stick-meta":"","astra-migrate-meta-layouts":"set","ast-page-background-enabled":"default","ast-page-background-meta":{"desktop":{"background-color":"var(--ast-global-color-4)","background-image":"","background-repeat":"repeat","background-position":"center center","background-size":"auto","background-attachment":"scroll","background-type":"","background-media":"","overlay-type":"","overlay-color":"","overlay-opacity":"","overlay-gradient":""},"tablet":{"background-color":"","background-image":"","background-repeat":"repeat","background-position":"center center","background-size":"auto","background-attachment":"scroll","background-type":"","background-media":"","overlay-type":"","overlay-color":"","overlay-opacity":"","overlay-gradient":""},"mobile":{"background-color":"","background-image":"","background-repeat":"repeat","background-position":"center center","background-size":"auto","background-attachment":"scroll","background-type":"","background-media":"","overlay-type":"","overlay-color":"","overlay-opacity":"","overlay-gradient":""}},"ast-content-background-meta":{"desktop":{"background-color":"var(--ast-global-color-5)","background-image":"","background-repeat":"repeat","background-position":"center center","background-size":"auto","background-attachment":"scroll","background-type":"","background-media":"","overlay-type":"","overlay-color":"","overlay-opacity":"","overlay-gradient":""},"tablet":{"background-color":"var(--ast-global-color-5)","background-image":"","background-repeat":"repeat","background-position":"center center","background-size":"auto","background-attachment":"scroll","background-type":"","background-media":"","overlay-type":"","overlay-color":"","overlay-opacity":"","overlay-gradient":""},"mobile":{"background-color":"var(--ast-global-color-5)","background-image":"","background-repeat":"repeat","background-position":"center center","background-size":"auto","background-attachment":"scroll","background-type":"","background-media":"","overlay-type":"","overlay-color":"","overlay-opacity":"","overlay-gradient":""}},"footnotes":""},"class_list":["post-1459","page","type-page","status-publish","hentry"],"uagb_featured_image_src":{"full":false,"thumbnail":false,"medium":false,"medium_large":false,"large":false,"1536x1536":false,"2048x2048":false,"trp-custom-language-flag":false},"uagb_author_info":{"display_name":"TemTexCleaners","author_link":"https:\/\/temtexcleaners.com\/es\/author\/j6v6a9o5uogz\/"},"uagb_comment_info":0,"uagb_excerpt":"Places of Worship 10. Carefree Church Cleaning Without professional cleaning services, places of worship often face challenges that compromise the sanctity and appeal of their sacred spaces. From dusty pews and grimy floors to neglected altars and unsightly stains on religious artifacts, the accumulation of dirt, debris, and allergens not only detracts from the visual&hellip;","_links":{"self":[{"href":"https:\/\/temtexcleaners.com\/es\/wp-json\/wp\/v2\/pages\/1459","targetHints":{"allow":["GET"]}}],"collection":[{"href":"https:\/\/temtexcleaners.com\/es\/wp-json\/wp\/v2\/pages"}],"about":[{"href":"https:\/\/temtexcleaners.com\/es\/wp-json\/wp\/v2\/types\/page"}],"author":[{"embeddable":true,"href":"https:\/\/temtexcleaners.com\/es\/wp-json\/wp\/v2\/users\/3"}],"replies":[{"embeddable":true,"href":"https:\/\/temtexcleaners.com\/es\/wp-json\/wp\/v2\/comments?post=1459"}],"version-history":[{"count":0,"href":"https:\/\/temtexcleaners.com\/es\/wp-json\/wp\/v2\/pages\/1459\/revisions"}],"wp:attachment":[{"href":"https:\/\/temtexcleaners.com\/es\/wp-json\/wp\/v2\/media?parent=1459"}],"curies":[{"name":"wp","href":"https:\/\/api.w.org\/{rel}","templated":true}]}}