{"id":1434,"date":"2024-01-20T03:52:35","date_gmt":"2024-01-20T03:52:35","guid":{"rendered":"https:\/\/temtexcleaners.com\/?page_id=1434"},"modified":"2024-07-29T22:58:40","modified_gmt":"2024-07-29T22:58:40","slug":"limpieza-posterior-a-la-construccion","status":"publish","type":"page","link":"https:\/\/temtexcleaners.com\/es\/limpieza-posterior-a-la-construccion\/","title":{"rendered":"Capacidad de limpieza posterior a la construcci\u00f3n"},"content":{"rendered":"<div class=\"wp-block-uagb-container uagb-block-4c3875af alignwide uagb-is-root-container\">\n<div class=\"wp-block-uagb-advanced-heading uagb-block-36237826\"><h1 class=\"uagb-heading-text\">Nuestros servicios<\/h1><\/div>\n<\/div>\n\n\n\n<div class=\"wp-block-uagb-container uagb-block-57ebc9b6 alignfull uagb-is-root-container\"><div class=\"uagb-container-inner-blocks-wrap\">\n<div class=\"wp-block-uagb-advanced-heading uagb-block-569cbed0\"><h6 class=\"uagb-heading-text\">07.<\/h6><\/div>\n\n\n\n<div class=\"wp-block-uagb-advanced-heading uagb-block-465fb945\"><h3 class=\"uagb-heading-text\">Limpieza posterior a la construcci\u00f3n<\/h3><\/div>\n<\/div><\/div>\n\n\n\n<div class=\"wp-block-uagb-container uagb-block-e7fbe3aa alignfull uagb-is-root-container\"><div class=\"uagb-container-inner-blocks-wrap\">\n<div class=\"wp-block-uagb-container uagb-block-1d616714\">\n<p>Tras los proyectos de construcci\u00f3n, el toque final es crucial para transformar una zona en obras en un espacio pulido y listo para su uso. Nuestros servicios de limpieza post-construcci\u00f3n est\u00e1n dise\u00f1ados para abordar meticulosamente los retos espec\u00edficos que surgen tras las obras de construcci\u00f3n o renovaci\u00f3n.<br><br>Nuestros cualificados profesionales de la limpieza est\u00e1n especializados en la eliminaci\u00f3n de escombros, polvo y residuos de la construcci\u00f3n, garantizando que todas las superficies queden completamente limpias y pulidas. Desde la limpieza a fondo de suelos hasta el detallado de accesorios, nuestros servicios tienen como objetivo ofrecer un entorno impecable y acogedor.<br><br>Entendemos la importancia de presentar un espacio limpio y seguro a los clientes u ocupantes, y nuestro compromiso es ofrecer una soluci\u00f3n integral de limpieza posterior a la construcci\u00f3n que cumpla los m\u00e1s altos est\u00e1ndares de limpieza y calidad.<\/p>\n<\/div>\n\n\n\n<div class=\"wp-block-uagb-container uagb-block-1f235610\">\n<div class=\"wp-block-uagb-image alignleft uagb-block-2abcf112 wp-block-uagb-image--layout-default wp-block-uagb-image--effect-static wp-block-uagb-image--align-left\"><figure class=\"wp-block-uagb-image__figure\"><img decoding=\"async\" data-srcset=\"https:\/\/temtexcleaners.com\/wp-content\/uploads\/2024\/01\/3616735-1024x683.jpg ,https:\/\/temtexcleaners.com\/wp-content\/uploads\/2024\/01\/3616735.jpg 780w, https:\/\/temtexcleaners.com\/wp-content\/uploads\/2024\/01\/3616735.jpg 360w\" data-sizes=\"auto, (max-width: 480px) 150px\" data-src=\"https:\/\/temtexcleaners.com\/wp-content\/uploads\/2024\/01\/3616735-1024x683.jpg\" alt=\"limpieza posterior a la construcci\u00f3n\" class=\"uag-image-1567 lazyload\" width=\"400\" height=\"350\" title=\"limpieza posterior a la construcci\u00f3n\" role=\"img\" src=\"data:image\/svg+xml;base64,PHN2ZyB3aWR0aD0iMSIgaGVpZ2h0PSIxIiB4bWxucz0iaHR0cDovL3d3dy53My5vcmcvMjAwMC9zdmciPjwvc3ZnPg==\" style=\"--smush-placeholder-width: 400px; --smush-placeholder-aspect-ratio: 400\/350;\" \/><\/figure><\/div>\n<\/div>\n<\/div><\/div>\n\n\n\n<div class=\"wp-block-uagb-container uagb-block-9caa1a47 alignfull uagb-is-root-container\"><div class=\"uagb-container-inner-blocks-wrap\">\n<div class=\"wp-block-uagb-advanced-heading uagb-block-1ed0e64e\"><h5 class=\"uagb-heading-text\">Limpiemos e higienicemos su espacio.<\/h5><\/div>\n\n\n\n<div class=\"wp-block-uagb-advanced-heading uagb-block-3a57683f\"><h2 class=\"uagb-heading-text\">\u00bfListo para empezar?<\/h2><\/div>\n\n\n\n<p class=\"has-text-align-center has-ast-global-color-5-color has-text-color has-link-color wp-elements-5862421938febdf954844090aa93ce37\" style=\"margin-top:var(--wp--preset--spacing--30);margin-bottom:0;font-size:37px;line-height:1.9\"><a href=\"https:\/\/temtexcleaners.com\/es\/pongase-en-contacto-con\/\" data-type=\"page\" data-id=\"20\"><strong>CONTACTO<\/strong><\/a> \u00a1Hoy!<\/p>\n<\/div><\/div>","protected":false},"excerpt":{"rendered":"<p>Our Services 07. Post Construction Cleaning In the aftermath of construction projects, the final touch is crucial to transforming a site from a construction zone to a polished and ready-to-use space. Our post construction cleaning services are tailored to meticulously address the unique challenges that arise after building or renovation work. Our skilled cleaning professionals [&hellip;]<\/p>\n","protected":false},"author":3,"featured_media":0,"parent":0,"menu_order":0,"comment_status":"closed","ping_status":"closed","template":"","meta":{"_uag_custom_page_level_css":"","site-sidebar-layout":"default","site-content-layout":"plain-container","ast-site-content-layout":"normal-width-container","site-content-style":"unboxed","site-sidebar-style":"unboxed","ast-global-header-display":"","ast-banner-title-visibility":"disabled","ast-main-header-display":"","ast-hfb-above-header-display":"","ast-hfb-below-header-display":"","ast-hfb-mobile-header-display":"","site-post-title":"disabled","ast-breadcrumbs-content":"","ast-featured-img":"","footer-sml-layout":"","ast-disable-related-posts":"","theme-transparent-header-meta":"","adv-header-id-meta":"","stick-header-meta":"","header-above-stick-meta":"","header-main-stick-meta":"","header-below-stick-meta":"","astra-migrate-meta-layouts":"set","ast-page-background-enabled":"default","ast-page-background-meta":{"desktop":{"background-color":"var(--ast-global-color-4)","background-image":"","background-repeat":"repeat","background-position":"center center","background-size":"auto","background-attachment":"scroll","background-type":"","background-media":"","overlay-type":"","overlay-color":"","overlay-opacity":"","overlay-gradient":""},"tablet":{"background-color":"","background-image":"","background-repeat":"repeat","background-position":"center center","background-size":"auto","background-attachment":"scroll","background-type":"","background-media":"","overlay-type":"","overlay-color":"","overlay-opacity":"","overlay-gradient":""},"mobile":{"background-color":"","background-image":"","background-repeat":"repeat","background-position":"center center","background-size":"auto","background-attachment":"scroll","background-type":"","background-media":"","overlay-type":"","overlay-color":"","overlay-opacity":"","overlay-gradient":""}},"ast-content-background-meta":{"desktop":{"background-color":"var(--ast-global-color-5)","background-image":"","background-repeat":"repeat","background-position":"center center","background-size":"auto","background-attachment":"scroll","background-type":"","background-media":"","overlay-type":"","overlay-color":"","overlay-opacity":"","overlay-gradient":""},"tablet":{"background-color":"var(--ast-global-color-5)","background-image":"","background-repeat":"repeat","background-position":"center center","background-size":"auto","background-attachment":"scroll","background-type":"","background-media":"","overlay-type":"","overlay-color":"","overlay-opacity":"","overlay-gradient":""},"mobile":{"background-color":"var(--ast-global-color-5)","background-image":"","background-repeat":"repeat","background-position":"center center","background-size":"auto","background-attachment":"scroll","background-type":"","background-media":"","overlay-type":"","overlay-color":"","overlay-opacity":"","overlay-gradient":""}},"footnotes":""},"class_list":["post-1434","page","type-page","status-publish","hentry"],"uagb_featured_image_src":{"full":false,"thumbnail":false,"medium":false,"medium_large":false,"large":false,"1536x1536":false,"2048x2048":false,"trp-custom-language-flag":false},"uagb_author_info":{"display_name":"TemTexCleaners","author_link":"https:\/\/temtexcleaners.com\/es\/author\/j6v6a9o5uogz\/"},"uagb_comment_info":0,"uagb_excerpt":"Our Services 07. Post Construction Cleaning In the aftermath of construction projects, the final touch is crucial to transforming a site from a construction zone to a polished and ready-to-use space. Our post construction cleaning services are tailored to meticulously address the unique challenges that arise after building or renovation work. Our skilled cleaning professionals&hellip;","_links":{"self":[{"href":"https:\/\/temtexcleaners.com\/es\/wp-json\/wp\/v2\/pages\/1434","targetHints":{"allow":["GET"]}}],"collection":[{"href":"https:\/\/temtexcleaners.com\/es\/wp-json\/wp\/v2\/pages"}],"about":[{"href":"https:\/\/temtexcleaners.com\/es\/wp-json\/wp\/v2\/types\/page"}],"author":[{"embeddable":true,"href":"https:\/\/temtexcleaners.com\/es\/wp-json\/wp\/v2\/users\/3"}],"replies":[{"embeddable":true,"href":"https:\/\/temtexcleaners.com\/es\/wp-json\/wp\/v2\/comments?post=1434"}],"version-history":[{"count":0,"href":"https:\/\/temtexcleaners.com\/es\/wp-json\/wp\/v2\/pages\/1434\/revisions"}],"wp:attachment":[{"href":"https:\/\/temtexcleaners.com\/es\/wp-json\/wp\/v2\/media?parent=1434"}],"curies":[{"name":"wp","href":"https:\/\/api.w.org\/{rel}","templated":true}]}}