{"id":1419,"date":"2024-01-20T03:26:07","date_gmt":"2024-01-20T03:26:07","guid":{"rendered":"https:\/\/temtexcleaners.com\/?page_id=1419"},"modified":"2024-07-29T23:05:36","modified_gmt":"2024-07-29T23:05:36","slug":"limpieza-superior-de-colegios","status":"publish","type":"page","link":"https:\/\/temtexcleaners.com\/es\/limpieza-superior-de-colegios\/","title":{"rendered":"Limpieza escolar superior"},"content":{"rendered":"<div class=\"wp-block-uagb-container uagb-block-6150705b alignwide uagb-is-root-container\">\n<div class=\"wp-block-uagb-advanced-heading uagb-block-e592cfa0\"><h1 class=\"uagb-heading-text\">Nuestros servicios<\/h1><\/div>\n<\/div>\n\n\n\n<div class=\"wp-block-uagb-container uagb-block-57ebc9b6 alignfull uagb-is-root-container\"><div class=\"uagb-container-inner-blocks-wrap\">\n<div class=\"wp-block-uagb-advanced-heading uagb-block-569cbed0\"><h6 class=\"uagb-heading-text\">05.<\/h6><\/div>\n\n\n\n<div class=\"wp-block-uagb-advanced-heading uagb-block-465fb945\"><h1 class=\"uagb-heading-text\">Importancia y buenas pr\u00e1cticas de la limpieza escolar<\/h1><\/div>\n<\/div><\/div>\n\n\n\n<div class=\"wp-block-uagb-container uagb-block-e7fbe3aa alignfull uagb-is-root-container\"><div class=\"uagb-container-inner-blocks-wrap\">\n<div class=\"wp-block-uagb-container uagb-block-1d616714\">\n<p>Mantener un entorno escolar limpio e higi\u00e9nico es crucial para la salud y el bienestar de alumnos, profesores y personal. Las escuelas son zonas de mucho tr\u00e1nsito donde los g\u00e9rmenes y las bacterias pueden propagarse r\u00e1pidamente, provocando enfermedades y absentismo. Las pr\u00e1cticas eficaces de limpieza de los centros escolares no s\u00f3lo favorecen un entorno saludable, sino que tambi\u00e9n mejoran la experiencia general de aprendizaje. En esta p\u00e1gina se analiza la importancia de la limpieza de los centros escolares, las \u00e1reas clave en las que hay que centrarse y las mejores pr\u00e1cticas para mantener unas instalaciones educativas impecables.<\/p>\n<\/div>\n\n\n\n<div class=\"wp-block-uagb-container uagb-block-1f235610\">\n<div class=\"wp-block-uagb-image alignleft uagb-block-2abcf112 wp-block-uagb-image--layout-default wp-block-uagb-image--effect-static wp-block-uagb-image--align-left\"><figure class=\"wp-block-uagb-image__figure\"><img decoding=\"async\" data-srcset=\"https:\/\/temtexcleaners.com\/wp-content\/uploads\/2024\/01\/x_tjkvu1fja-1024x687.jpg ,https:\/\/temtexcleaners.com\/wp-content\/uploads\/2024\/01\/x_tjkvu1fja.jpg 780w, https:\/\/temtexcleaners.com\/wp-content\/uploads\/2024\/01\/x_tjkvu1fja.jpg 360w\" data-sizes=\"auto, (max-width: 480px) 150px\" data-src=\"https:\/\/temtexcleaners.com\/wp-content\/uploads\/2024\/01\/x_tjkvu1fja-1024x687.jpg\" alt=\"limpieza escolar\" class=\"uag-image-1421 lazyload\" width=\"400\" height=\"350\" title=\"Limpieza escolar\" role=\"img\" src=\"data:image\/svg+xml;base64,PHN2ZyB3aWR0aD0iMSIgaGVpZ2h0PSIxIiB4bWxucz0iaHR0cDovL3d3dy53My5vcmcvMjAwMC9zdmciPjwvc3ZnPg==\" style=\"--smush-placeholder-width: 400px; --smush-placeholder-aspect-ratio: 400\/350;\" \/><\/figure><\/div>\n<\/div>\n<\/div><\/div>\n\n\n\n<div class=\"wp-block-uagb-container uagb-block-38bffb3d alignfull uagb-is-root-container\"><div class=\"uagb-container-inner-blocks-wrap\">\n<div class=\"wp-block-uagb-container uagb-block-60776dd4\">\n<h4 class=\"wp-block-heading\">Importancia de la limpieza escolar<\/h4>\n\n\n\n<ol class=\"wp-block-list\">\n<li><strong>Salud y seguridad<\/strong>: Una limpieza regular y a fondo reduce la propagaci\u00f3n de enfermedades infecciosas como resfriados, gripe y enfermedades gastrointestinales. Un entorno limpio minimiza la presencia de al\u00e9rgenos, polvo y moho, que pueden desencadenar asma y otros problemas respiratorios.<\/li>\n\n\n\n<li><strong>Entorno de aprendizaje mejorado<\/strong>: Una escuela limpia y organizada contribuye a crear un ambiente positivo para el aprendizaje. Unas aulas desordenadas e higi\u00e9nicas ayudan a los alumnos a concentrarse mejor, lo que redunda en un mejor rendimiento acad\u00e9mico. La limpieza tambi\u00e9n fomenta un sentimiento de orgullo y responsabilidad entre los alumnos y el personal.<\/li>\n\n\n\n<li><strong>Cumplimiento y normas<\/strong>: Los centros escolares deben cumplir las normas y reglamentos sanitarios locales. La limpieza peri\u00f3dica garantiza el cumplimiento de estas directrices, evitando posibles problemas legales y garantizando la seguridad de todos en el campus.<\/li>\n\n\n\n<li><strong>Mantenimiento a largo plazo<\/strong>: Una limpieza y un mantenimiento adecuados prolongan la vida \u00fatil de las instalaciones y el equipamiento escolar. La limpieza peri\u00f3dica evita la acumulaci\u00f3n de suciedad y mugre que pueden causar desgaste y, en \u00faltima instancia, ahorrar en costes de reparaci\u00f3n y sustituci\u00f3n.<\/li>\n<\/ol>\n\n\n\n<h4 class=\"wp-block-heading\">\u00c1reas clave en las que centrarse<\/h4>\n\n\n\n<ol class=\"wp-block-list\">\n<li><strong>Aulas<\/strong>: Los escritorios, las sillas y otras superficies deben limpiarse a diario con desinfectantes. Los suelos deben barrerse y fregarse con regularidad para eliminar la suciedad y el polvo. Debe prestarse especial atenci\u00f3n a las zonas de mucho contacto, como los pomos de las puertas, los interruptores de la luz y los teclados de los ordenadores.<\/li>\n\n\n\n<li><strong>Aseos<\/strong>: Los aseos son zonas cr\u00edticas que requieren una limpieza frecuente y a fondo. Los inodoros, lavabos y suelos deben desinfectarse a diario. Los dispensadores de jab\u00f3n, los portarrollos de toallas de papel y los secadores de manos deben revisarse y reponerse con regularidad.<\/li>\n\n\n\n<li><strong>Cafeter\u00edas y cocinas<\/strong>: Las zonas donde se preparan y comen los alimentos deben mantenerse impecables para evitar enfermedades transmitidas por los alimentos. Las mesas, sillas y zonas de servicio deben desinfectarse despu\u00e9s de cada comida. Los electrodom\u00e9sticos y utensilios de cocina deben limpiarse con regularidad y almacenarse adecuadamente para mantener las normas de higiene.<\/li>\n\n\n\n<li><strong>Pasillos y zonas comunes<\/strong>: Estas zonas de mucho tr\u00e1nsito requieren barridos y fregados regulares. Los cubos de basura deben vaciarse con frecuencia, y cualquier derrame o residuo debe tratarse con prontitud. Los pasamanos, las fuentes de agua y las m\u00e1quinas expendedoras deben desinfectarse con regularidad.<\/li>\n\n\n\n<li><strong>Gimnasios y vestuarios<\/strong>: Debido al sudor y la humedad, estas zonas pueden albergar bacterias y olores. Los suelos, bancos y equipos deben limpiarse y desinfectarse con regularidad. Los vestuarios necesitan atenci\u00f3n diaria para evitar la formaci\u00f3n de moho.<\/li>\n<\/ol>\n\n\n\n<h4 class=\"wp-block-heading\">Buenas pr\u00e1cticas de limpieza escolar<\/h4>\n\n\n\n<ol class=\"wp-block-list\">\n<li><strong>Elaborar un calendario de limpieza<\/strong>: Un programa de limpieza estructurado garantiza que todas las zonas de la escuela reciban la atenci\u00f3n necesaria. Las tareas diarias, semanales y mensuales deben estar claramente definidas y asignadas a miembros concretos del personal.<\/li>\n\n\n\n<li><strong>Utilice los productos de limpieza adecuados<\/strong>: Seleccione productos de limpieza eficaces contra los g\u00e9rmenes y seguros para su uso en un entorno escolar. Los productos de limpieza ecol\u00f3gicos y no t\u00f3xicos son preferibles para minimizar la exposici\u00f3n a sustancias qu\u00edmicas nocivas.<\/li>\n\n\n\n<li><strong>Implantar programas de formaci\u00f3n<\/strong>: El personal debe recibir formaci\u00f3n sobre las t\u00e9cnicas de limpieza adecuadas, el uso de los equipos de limpieza y los protocolos de seguridad. Las sesiones de formaci\u00f3n peri\u00f3dicas ayudan a mantener un alto nivel y garantizan que todo el mundo conozca las \u00faltimas pr\u00e1cticas de limpieza.<\/li>\n\n\n\n<li><strong>Incorporar la tecnolog\u00eda<\/strong>: Los equipos de limpieza modernos, como las fregadoras de suelos autom\u00e1ticas y los pulverizadores electrost\u00e1ticos, pueden mejorar la eficiencia y la eficacia. El uso de la tecnolog\u00eda reduce el esfuerzo f\u00edsico del personal de limpieza y garantiza un saneamiento exhaustivo.<\/li>\n\n\n\n<li><strong>Inspecciones peri\u00f3dicas<\/strong>: Realizar inspecciones rutinarias para evaluar la limpieza de la escuela. Las inspecciones ayudan a identificar las \u00e1reas que pueden necesitar atenci\u00f3n adicional y a garantizar que los protocolos de limpieza se siguen correctamente.<\/li>\n\n\n\n<li><strong>Fomentar la participaci\u00f3n de los estudiantes<\/strong>: Anima a los alumnos a participar en el mantenimiento de un entorno limpio. Pr\u00e1cticas sencillas como tirar la basura correctamente y limpiar lo que ensucian pueden marcar una diferencia significativa.<\/li>\n<\/ol>\n\n\n\n<h4 class=\"wp-block-heading\">Conclusi\u00f3n<\/h4>\n\n\n\n<p>La limpieza eficaz de los centros escolares es vital para crear un entorno de aprendizaje seguro, saludable y propicio. Centr\u00e1ndose en las \u00e1reas clave, siguiendo las mejores pr\u00e1cticas y fomentando una cultura de limpieza, los centros escolares pueden garantizar el bienestar de sus alumnos y personal. Invertir en protocolos de limpieza adecuados no s\u00f3lo protege la salud, sino que tambi\u00e9n mejora la experiencia educativa en general, contribuyendo al \u00e9xito de la comunidad escolar.<\/p>\n\n\n\n<p><br>Nuestro equipo de diligentes profesionales de la limpieza se compromete a realizar una limpieza exhaustiva y sistem\u00e1tica, garantizando que las aulas, los pasillos y las zonas comunes est\u00e9n libres de polvo, g\u00e9rmenes y al\u00e9rgenos.<br><br>Damos prioridad a la salud y la seguridad de los alumnos y el personal utilizando productos de limpieza respetuosos con el medio ambiente y cumpliendo estrictos protocolos de higiene. Desde la desinfecci\u00f3n de superficies hasta el mantenimiento de ba\u00f1os y cafeter\u00edas impecablemente limpios, nuestros servicios contribuyen a crear un ambiente propicio para el aprendizaje.<br><br>Reconocemos la importancia de un entorno educativo ordenado y organizado, que favorezca tanto el bienestar f\u00edsico como la misi\u00f3n educativa general de la comunidad escolar.<\/p>\n<\/div>\n<\/div><\/div>\n\n\n\n<div class=\"wp-block-uagb-container uagb-block-9caa1a47 alignfull uagb-is-root-container\"><div class=\"uagb-container-inner-blocks-wrap\">\n<div class=\"wp-block-uagb-advanced-heading uagb-block-1ed0e64e\"><h5 class=\"uagb-heading-text\">Limpiemos e higienicemos su espacio.<\/h5><\/div>\n\n\n\n<div class=\"wp-block-uagb-advanced-heading uagb-block-3a57683f\"><h2 class=\"uagb-heading-text\">\u00bfListo para empezar?<\/h2><\/div>\n\n\n\n<p class=\"has-text-align-center has-ast-global-color-5-color has-text-color has-link-color wp-elements-5862421938febdf954844090aa93ce37\" style=\"margin-top:var(--wp--preset--spacing--30);margin-bottom:0;font-size:37px;line-height:1.9\"><a href=\"https:\/\/temtexcleaners.com\/es\/pongase-en-contacto-con\/\" data-type=\"page\" data-id=\"20\"><strong>CONTACTO<\/strong><\/a> \u00a1Hoy!<\/p>\n<\/div><\/div>","protected":false},"excerpt":{"rendered":"<p>Our Services 05. The Importance and Best Practices of School Cleaning Maintaining a clean and hygienic school environment is crucial for the health and well-being of students, teachers, and staff. Schools are high-traffic areas where germs and bacteria can spread rapidly, leading to illness and absenteeism. Effective school cleaning practices not only promote a healthy [&hellip;]<\/p>\n","protected":false},"author":3,"featured_media":0,"parent":0,"menu_order":0,"comment_status":"closed","ping_status":"closed","template":"","meta":{"_uag_custom_page_level_css":"","site-sidebar-layout":"default","site-content-layout":"plain-container","ast-site-content-layout":"normal-width-container","site-content-style":"unboxed","site-sidebar-style":"unboxed","ast-global-header-display":"","ast-banner-title-visibility":"disabled","ast-main-header-display":"","ast-hfb-above-header-display":"","ast-hfb-below-header-display":"","ast-hfb-mobile-header-display":"","site-post-title":"disabled","ast-breadcrumbs-content":"","ast-featured-img":"","footer-sml-layout":"","ast-disable-related-posts":"","theme-transparent-header-meta":"","adv-header-id-meta":"","stick-header-meta":"","header-above-stick-meta":"","header-main-stick-meta":"","header-below-stick-meta":"","astra-migrate-meta-layouts":"set","ast-page-background-enabled":"default","ast-page-background-meta":{"desktop":{"background-color":"var(--ast-global-color-4)","background-image":"","background-repeat":"repeat","background-position":"center center","background-size":"auto","background-attachment":"scroll","background-type":"","background-media":"","overlay-type":"","overlay-color":"","overlay-opacity":"","overlay-gradient":""},"tablet":{"background-color":"","background-image":"","background-repeat":"repeat","background-position":"center center","background-size":"auto","background-attachment":"scroll","background-type":"","background-media":"","overlay-type":"","overlay-color":"","overlay-opacity":"","overlay-gradient":""},"mobile":{"background-color":"","background-image":"","background-repeat":"repeat","background-position":"center center","background-size":"auto","background-attachment":"scroll","background-type":"","background-media":"","overlay-type":"","overlay-color":"","overlay-opacity":"","overlay-gradient":""}},"ast-content-background-meta":{"desktop":{"background-color":"var(--ast-global-color-5)","background-image":"","background-repeat":"repeat","background-position":"center center","background-size":"auto","background-attachment":"scroll","background-type":"","background-media":"","overlay-type":"","overlay-color":"","overlay-opacity":"","overlay-gradient":""},"tablet":{"background-color":"var(--ast-global-color-5)","background-image":"","background-repeat":"repeat","background-position":"center center","background-size":"auto","background-attachment":"scroll","background-type":"","background-media":"","overlay-type":"","overlay-color":"","overlay-opacity":"","overlay-gradient":""},"mobile":{"background-color":"var(--ast-global-color-5)","background-image":"","background-repeat":"repeat","background-position":"center center","background-size":"auto","background-attachment":"scroll","background-type":"","background-media":"","overlay-type":"","overlay-color":"","overlay-opacity":"","overlay-gradient":""}},"footnotes":""},"class_list":["post-1419","page","type-page","status-publish","hentry"],"uagb_featured_image_src":{"full":false,"thumbnail":false,"medium":false,"medium_large":false,"large":false,"1536x1536":false,"2048x2048":false,"trp-custom-language-flag":false},"uagb_author_info":{"display_name":"TemTexCleaners","author_link":"https:\/\/temtexcleaners.com\/es\/author\/j6v6a9o5uogz\/"},"uagb_comment_info":0,"uagb_excerpt":"Our Services 05. The Importance and Best Practices of School Cleaning Maintaining a clean and hygienic school environment is crucial for the health and well-being of students, teachers, and staff. Schools are high-traffic areas where germs and bacteria can spread rapidly, leading to illness and absenteeism. Effective school cleaning practices not only promote a healthy&hellip;","_links":{"self":[{"href":"https:\/\/temtexcleaners.com\/es\/wp-json\/wp\/v2\/pages\/1419","targetHints":{"allow":["GET"]}}],"collection":[{"href":"https:\/\/temtexcleaners.com\/es\/wp-json\/wp\/v2\/pages"}],"about":[{"href":"https:\/\/temtexcleaners.com\/es\/wp-json\/wp\/v2\/types\/page"}],"author":[{"embeddable":true,"href":"https:\/\/temtexcleaners.com\/es\/wp-json\/wp\/v2\/users\/3"}],"replies":[{"embeddable":true,"href":"https:\/\/temtexcleaners.com\/es\/wp-json\/wp\/v2\/comments?post=1419"}],"version-history":[{"count":0,"href":"https:\/\/temtexcleaners.com\/es\/wp-json\/wp\/v2\/pages\/1419\/revisions"}],"wp:attachment":[{"href":"https:\/\/temtexcleaners.com\/es\/wp-json\/wp\/v2\/media?parent=1419"}],"curies":[{"name":"wp","href":"https:\/\/api.w.org\/{rel}","templated":true}]}}